{"id":9,"date":"2023-09-07T20:53:51","date_gmt":"2023-09-07T18:53:51","guid":{"rendered":"https:\/\/plejelt.dk\/?page_id=9"},"modified":"2023-09-07T21:11:11","modified_gmt":"2023-09-07T19:11:11","slug":"velkommen","status":"publish","type":"page","link":"https:\/\/plejelt.dk\/","title":{"rendered":"Velkommen"},"content":{"rendered":"\n<p>Velkommen til Plejelt og omegns bylaug.<\/p>\n\n\n\n<p>Plejelt er en landsby i Helsing\u00f8r kommunens vestligste del. Navnet optr\u00e6der i kilderne f\u00f8rste gang i Esrum Klosters jordebog i 1497 i formen &#8220;Plegholt&#8221;. Forleddet er antagelig personnavn &#8220;Pl\u00e6ghi&#8221; og efterleddet &#8220;-holt&#8221; betyder skov. I en indberetning om tilstanden efter svenskekrigene n\u00e6vnes der 12 eller 13 g\u00e5rdm\u00e6nd i byen. I 1681-matriklen var antallet af g\u00e5rde 13, hvoraf en dog var mindre end de \u00f8vrige. Desuden var der 5 huse i byen. Det var med andre ord en af omr\u00e5dets st\u00f8rste landsbyer. I folket\u00e6llingen fra 1771 ses 23 husf\u00e6dre i byen. Det var 10 b\u00f8nder, 1 kromand, 6 daglejere eller arbejdsm\u00e6nd, 1 v\u00e6ver, 1 smed, 1 skoflikker, 1 skomager, 1 gartner og 1 uden angivet profession.<\/p>\n\n\n\n<p>Byens g\u00e5rde var ved udskiftningen (matrikelnumre i parentes):<br>&#8211; Harresbjerg (1)<br>&#8211; Sonnerup (2)<br>&#8211; S\u00f8nderborg (3)<br>&#8211; Aggel\u00f8v (4)<br>&#8211; Langvad (5)<br>&#8211; Linderup (6)<br>&#8211; Hammer\u00f8d (7)<br>&#8211; S\u00f8nderris (8)<br>&#8211; N\u00f8rreris (9)<br>&#8211; Donsved (10)<br>&#8211; Dager\u00f8d (11)<br>&#8211; Langevang (12)<\/p>\n\n\n\n<p>Desuden blev der p\u00e5 byens overdrev, der str\u00e6kker sig langt mod \u00f8st, oprettet en lang r\u00e6kke husmands- eller parcelliststeder, bl.a. Skjels\u00f8hus (14), Sandbjerghus (16), Bakkehus (17), Georginelyst (20), Knarreborg (21), Damhus (22), Str\u00e6bsomhed (23), Sommerlyst (24), Thyesminde (25) og Sommerfryd (26).<\/p>\n\n\n\n<p>Flere af disse husmandssteder eksisterer stadig, bl.a. Thyesminde, der oprindelig var Plejelt Kro. Enkelte af g\u00e5rdene er forsvundet: Harresbjerg er lagt sammen med Sonnerup, Aggel\u00f8v er nedlagt og Donsved og Linderup er sammenlagt. Byens g\u00e5rde drives for fleres vedkommende endnu som landbrug. Derimod er byens f\u00e5 handlende for l\u00e6ngst forsvundet, bl.a. Plejelt k\u00f8bmandshandel, der l\u00e5 p\u00e5 hj\u00f8rnet af Plejeltvej og Esrumvej.<\/p>\n\n\n\n<p>P\u00e5 det gamle overdrevs \u00f8stligste del &#8211; Langes\u00f8-omr\u00e5det &#8211; oprettedes i 1909 en planteskole som af ejeren N.W. Larsen blev drevet frem til den landskendte Langes\u00f8 Planteskole for bl.a. stenplanter, stauder, rhododendron og \u00e5kander. Omr\u00e5det er idag udstykket til sommerhusomr\u00e5de, medens planteskolens gamle hovedbygning i en periode var indrettet til Langes\u00f8 Hotel.<\/p>\n\n\n\n<figure class=\"wp-block-image size-full\"><img loading=\"lazy\" decoding=\"async\" width=\"615\" height=\"395\" src=\"https:\/\/plejelt.dk\/wp-content\/uploads\/2023\/09\/plejelt_ge_photo-2.png\" alt=\"\" class=\"wp-image-10\" srcset=\"https:\/\/plejelt.dk\/wp-content\/uploads\/2023\/09\/plejelt_ge_photo-2.png 615w, https:\/\/plejelt.dk\/wp-content\/uploads\/2023\/09\/plejelt_ge_photo-2-300x193.png 300w, https:\/\/plejelt.dk\/wp-content\/uploads\/2023\/09\/plejelt_ge_photo-2-467x300.png 467w\" sizes=\"auto, (max-width: 615px) 100vw, 615px\" \/><\/figure>\n","protected":false},"excerpt":{"rendered":"<p>Velkommen til Plejelt og omegns bylaug. Plejelt er en landsby i Helsing\u00f8r kommunens vestligste del. Navnet optr\u00e6der i kilderne f\u00f8rste gang i Esrum Klosters jordebog i 1497 i formen &#8220;Plegholt&#8221;. Forleddet er antagelig personnavn &#8220;Pl\u00e6ghi&#8221; og efterleddet &#8220;-holt&#8221; betyder skov. &hellip; <a href=\"https:\/\/plejelt.dk\/\">L\u00e6s resten <span class=\"meta-nav\">&rarr;<\/span><\/a><\/p>\n","protected":false},"author":1,"featured_media":0,"parent":0,"menu_order":1,"comment_status":"closed","ping_status":"closed","template":"","meta":{"footnotes":""},"class_list":["post-9","page","type-page","status-publish","hentry"],"_links":{"self":[{"href":"https:\/\/plejelt.dk\/index.php?rest_route=\/wp\/v2\/pages\/9","targetHints":{"allow":["GET"]}}],"collection":[{"href":"https:\/\/plejelt.dk\/index.php?rest_route=\/wp\/v2\/pages"}],"about":[{"href":"https:\/\/plejelt.dk\/index.php?rest_route=\/wp\/v2\/types\/page"}],"author":[{"embeddable":true,"href":"https:\/\/plejelt.dk\/index.php?rest_route=\/wp\/v2\/users\/1"}],"replies":[{"embeddable":true,"href":"https:\/\/plejelt.dk\/index.php?rest_route=%2Fwp%2Fv2%2Fcomments&post=9"}],"version-history":[{"count":1,"href":"https:\/\/plejelt.dk\/index.php?rest_route=\/wp\/v2\/pages\/9\/revisions"}],"predecessor-version":[{"id":11,"href":"https:\/\/plejelt.dk\/index.php?rest_route=\/wp\/v2\/pages\/9\/revisions\/11"}],"wp:attachment":[{"href":"https:\/\/plejelt.dk\/index.php?rest_route=%2Fwp%2Fv2%2Fmedia&parent=9"}],"curies":[{"name":"wp","href":"https:\/\/api.w.org\/{rel}","templated":true}]}}